{"id":229,"date":"2024-01-16T20:40:49","date_gmt":"2024-01-16T20:40:49","guid":{"rendered":"https:\/\/www.hypotekaspomoci.cz\/?page_id=229"},"modified":"2024-02-01T09:35:10","modified_gmt":"2024-02-01T09:35:10","slug":"kalkulacka","status":"publish","type":"page","link":"https:\/\/www.hypotekaspomoci.cz\/?page_id=229","title":{"rendered":"kalkula\u010dka"},"content":{"rendered":"\n    \n    <section class=\"u-clearfix u-section-2\" id=\"sec-4feb\">\n      <div class=\"u-clearfix u-sheet u-sheet-1\">\n        <div class=\"custom-expanded u-border-1 u-border-grey-40 u-container-style u-group u-radius-50 u-shape-round u-group-1\">\n          <div class=\"u-container-layout u-valign-top-sm u-container-layout-1\">\n            <div class=\"u-absolute-hcenter-xs u-expanded-height-xs u-form u-form-1\">\n              <form action=\"https:\/\/forms.nicepagesrv.com\/v2\/form\/process\" class=\"u-clearfix u-form-spacing-15 u-form-vertical u-inner-form\" style=\"padding: 15px;\" source=\"email\" name=\"form\" redirect-address=\"kalkula\u010dka-potom.html\">\n                <p class=\"u-align-center u-custom-font u-font-roboto-condensed u-form-group u-form-text u-label-none u-text u-text-hover-body-color u-text-1\"> Nez\u00e1vazn\u00fd propo\u010det hypot\u00e9ky<\/p>\n                <p class=\"u-align-center u-form-group u-form-partition-factor-3 u-form-text u-label-none u-text u-text-2\"> V\u00fd\u0161e \u00fav\u011bru<\/p>\n                <div class=\"u-form-group u-form-number u-form-number-layout-number u-form-partition-factor-3 u-label-none u-form-group-3\">\n                  <label for=\"number-bb67\" class=\"u-label\">Zad\u00e1n\u00ed \u010d\u00edsla<\/label>\n                  <div class=\"u-input-row\" data-value=\"0\">\n                    <input value=\"0\" min=\"1\" max=\"1e+68\" step=\"1\" type=\"number\" placeholder=\"\" id=\"number-bb67\" name=\"V\u00fd\u0161e \u00fav\u011bru\" class=\"u-input u-input-rectangle u-text-black u-input-1\">\n                  <\/div>\n                <\/div>\n                <p class=\"u-align-center u-form-group u-form-partition-factor-3 u-form-text u-label-none u-text u-text-3\">K\u010d<\/p>\n                <p class=\"u-align-center u-form-group u-form-partition-factor-2 u-form-text u-label-none u-text u-text-4\"> Doba splatnosti<\/p>\n                <div class=\"u-form-group u-form-number u-form-number-layout-range u-form-partition-factor-2 u-label-none u-form-group-6\">\n                  <label for=\"range-28a3\" class=\"u-label\">Zad\u00e1n\u00ed \u010d\u00edsla<\/label>\n                  <div class=\"u-input-row\" data-value=\"0\">\n                    <input value=\"0\" min=\"1\" max=\"30\" step=\"1\" type=\"range\" placeholder=\"\" id=\"range-28a3\" name=\"Doba splatnosti\" class=\"u-input u-range u-input-2\">\n                  <\/div>\n                <\/div>\n                <p class=\"u-align-center u-form-group u-form-partition-factor-2 u-form-text u-label-none u-text u-text-5\"> \u00da\u010del<\/p>\n                <div class=\"u-form-group u-form-partition-factor-2 u-form-select u-label-none\">\n                  <label for=\"select-5fad\" class=\"u-label\">Rozbalovac\u00ed nab\u00eddka<\/label>\n                  <div class=\"u-form-select-wrapper\">\n                    <select id=\"select-5fad\" name=\"\u00fa\u010del\" class=\"u-input u-input-rectangle\">\n                      <option value=\"Refinancov\u00e1n\u00ed\" data-calc=\"\">Refinancov\u00e1n\u00ed<\/option>\n                      <option value=\"Koup\u011b\" data-calc=\"\">Koup\u011b<\/option>\n                      <option value=\"Rekonstrukce\" data-calc=\"\">Rekonstrukce<\/option>\n                      <option value=\"V\u00fdstavba\" data-calc=\"\">V\u00fdstavba<\/option>\n                      <option value=\"Majetkov\u00e9 vyrovn\u00e1n\u00ed\" data-calc=\"\">Majetkov\u00e9 vyrovn\u00e1n\u00ed<\/option>\n                      <option value=\"Vyrovn\u00e1n\u00ed po poz\u016fstalosti\" data-calc=\"\">Vyrovn\u00e1n\u00ed po poz\u016fstalosti<\/option>\n                      <option value=\"Refaundace\" data-calc=\"\">Refaundace<\/option>\n                    <\/select>\n                    <svg class=\"u-caret u-caret-svg\" version=\"1.1\" id=\"Layer_1\" xmlns=\"http:\/\/www.w3.org\/2000\/svg\" xmlns:xlink=\"http:\/\/www.w3.org\/1999\/xlink\" x=\"0px\" y=\"0px\" width=\"16px\" height=\"16px\" viewBox=\"0 0 16 16\" style=\"fill:currentColor;\" xml:space=\"preserve\"><polygon class=\"st0\" points=\"8,12 2,4 14,4 \"><\/polygon><\/svg>\n                  <\/div>\n                <\/div>\n                <p class=\"u-align-center u-custom-font u-font-roboto-condensed u-form-group u-form-text u-label-none u-text u-text-6\"> &nbsp;\u200bPro p\u0159esnou kalkulaci vypl\u0148t\u011b n\u00e1sleduj\u00edc\u00ed pole.<\/p>\n                <div class=\"u-form-group u-form-name u-label-none\">\n                  <label for=\"name-7156\" class=\"u-label\">N\u00e1zev<\/label>\n                  <input type=\"text\" placeholder=\"Zadejte sv\u00e9 jm\u00e9no a p\u0159\u00edjmen\u00ed\" id=\"name-7156\" name=\"Jm\u00e9no a p\u0159\u00edjm\u011bn\u00ed\" class=\"u-input u-input-rectangle u-input-4\" required=\"\">\n                <\/div>\n                <div class=\"u-form-group u-form-phone u-label-none\">\n                  <label for=\"phone-bcdb\" class=\"u-label\">Telefon<\/label>\n                  <input type=\"tel\" pattern=\"+?d{0,3}[s(-]?([0-9]{2,3})[s)-]?([s-]?)([0-9]{3})[s-]?([0-9]{2})[s-]?([0-9]{2})\" placeholder=\"Zadejte sv\u016fj telefon\" id=\"phone-bcdb\" name=\"telefon\" class=\"u-input u-input-rectangle u-input-5\" required=\"\">\n                <\/div>\n                <div class=\"u-form-email u-form-group u-label-none u-form-group-12\">\n                  <label for=\"email-8c01\" class=\"u-label\">E-mailem<\/label>\n                  <input type=\"email\" placeholder=\"Zadejte platnou e-mailovou adresu\" id=\"email-8c01\" name=\"email\" class=\"u-input u-input-rectangle u-input-6\" required=\"\">\n                <\/div>\n                <div class=\"u-form-group u-form-message u-label-none\">\n                  <label for=\"message-db78\" class=\"u-label\">Zpr\u00e1va<\/label>\n                  <textarea placeholder=\"Zadejte svou zpr\u00e1vu\" rows=\"4\" cols=\"50\" id=\"message-db78\" name=\"zpr\u00e1va\" class=\"u-input u-input-rectangle\" required=\"\"><\/textarea>\n                <\/div>\n                <div class=\"u-form-agree u-form-group u-label-none u-form-group-14\">\n                  <label class=\"u-field-label\" style=\"\"><\/label>\n                  <input type=\"checkbox\" id=\"agree-1e45\" name=\"souhlas s podm\u00ednkami\" class=\"u-agree-checkbox u-field-input\" required=\"\">\n                  <label for=\"agree-1e45\" class=\"u-agree-label u-field-label\">Souhlas\u00edm s podm\u00ednkami&nbsp;<a class=\"1-base u-border-1 u-border-active-palette-2-base u-border-hover-palette-1-base u-border-no-left u-border-no-right u-border-no-top u-btn u-button-link u-button-style u-file-link u-none u-text-palette- u-text-palette-1-base u-btn-1\" href=\"https:\/\/www.hypotekaspomoci.cz\/wp-content\/uploads\/2024\/01\/Zpracovnosobnchdaj-2.pdf\">ochrany osobn\u00edch \u00fadaj\u016f.<\/a>\n                  <\/label>\n                <\/div>\n                <div class=\"u-align-center u-form-group u-form-submit u-label-none\">\n                  <a href=\"#\" class=\"u-border-none u-btn u-btn-round u-btn-submit u-button-style u-custom-color-2 u-hover-grey-5 u-radius-50 u-text-body-color u-btn-2\">Odeslat<\/a>\n                  <input type=\"submit\" value=\"submit\" class=\"u-form-control-hidden\">\n                <\/div>\n                <div class=\"u-form-send-message u-form-send-success\">hypote\u010dn\u00ed specialista V\u00e1m nab\u00eddku p\u0159edstav\u00ed a vysv\u011btl\u00ed pr\u016fb\u011bh vy\u0159\u00edzen\u00ed, co V\u00e1s \u010dek\u00e1.<\/div>\n                <div class=\"u-form-send-error u-form-send-message\">N\u011bco se pokazilo, zkuste to znovu.<\/div>\n                <input type=\"hidden\" value=\"\" name=\"recaptchaResponse\">\n                <input type=\"hidden\" name=\"formServices\" value=\"86e92062-a02d-829d-b541-a3c2b7da9743\">\n              <\/form>\n            <\/div>\n          <\/div>\n        <\/div>\n        <img decoding=\"async\" class=\"u-image u-image-contain u-image-default u-preserve-proportions u-image-1\" src=\"https:\/\/www.hypotekaspomoci.cz\/wp-content\/uploads\/2024\/01\/sssssss-2.png\" alt=\"\" data-image-width=\"500\" data-image-height=\"500\">\n        <img decoding=\"async\" class=\"u-hidden-sm u-hidden-xs u-image u-image-contain u-image-default u-preserve-proportions u-image-2\" src=\"https:\/\/www.hypotekaspomoci.cz\/wp-content\/uploads\/2024\/01\/8-nLraMbFqb43J5Ik-removebg-preview-2.png\" alt=\"\" data-image-width=\"500\" data-image-height=\"500\">\n      <\/div>\n    <\/section>\n    \n    \n    \n    \n    \n  \n","protected":false},"excerpt":{"rendered":"<p>Nez\u00e1vazn\u00fd propo\u010det hypot\u00e9ky V\u00fd\u0161e \u00fav\u011bru Zad\u00e1n\u00ed \u010d\u00edsla K\u010d Doba splatnosti Zad\u00e1n\u00ed \u010d\u00edsla \u00da\u010del Rozbalovac\u00ed nab\u00eddka Refinancov\u00e1n\u00ed Koup\u011b Rekonstrukce V\u00fdstavba Majetkov\u00e9 vyrovn\u00e1n\u00ed Vyrovn\u00e1n\u00ed po poz\u016fstalosti Refaundace &nbsp;\u200bPro p\u0159esnou kalkulaci vypl\u0148t\u011b n\u00e1sleduj\u00edc\u00ed pole. N\u00e1zev Telefon E-mailem Zpr\u00e1va Souhlas\u00edm s podm\u00ednkami&nbsp;ochrany osobn\u00edch \u00fadaj\u016f. Odeslat hypote\u010dn\u00ed specialista V\u00e1m nab\u00eddku p\u0159edstav\u00ed a vysv\u011btl\u00ed pr\u016fb\u011bh vy\u0159\u00edzen\u00ed, co V\u00e1s \u010dek\u00e1. N\u011bco se &hellip; <a href=\"https:\/\/www.hypotekaspomoci.cz\/?page_id=229\" class=\"more-link\">Continue reading<span class=\"screen-reader-text\"> &#8222;kalkula\u010dka&#8220;<\/span><\/a><\/p>\n","protected":false},"author":1,"featured_media":0,"parent":0,"menu_order":6,"comment_status":"closed","ping_status":"closed","template":"","meta":{"footnotes":""},"class_list":["post-229","page","type-page","status-publish","hentry"],"_links":{"self":[{"href":"https:\/\/www.hypotekaspomoci.cz\/index.php?rest_route=\/wp\/v2\/pages\/229","targetHints":{"allow":["GET"]}}],"collection":[{"href":"https:\/\/www.hypotekaspomoci.cz\/index.php?rest_route=\/wp\/v2\/pages"}],"about":[{"href":"https:\/\/www.hypotekaspomoci.cz\/index.php?rest_route=\/wp\/v2\/types\/page"}],"author":[{"embeddable":true,"href":"https:\/\/www.hypotekaspomoci.cz\/index.php?rest_route=\/wp\/v2\/users\/1"}],"replies":[{"embeddable":true,"href":"https:\/\/www.hypotekaspomoci.cz\/index.php?rest_route=%2Fwp%2Fv2%2Fcomments&post=229"}],"version-history":[{"count":1,"href":"https:\/\/www.hypotekaspomoci.cz\/index.php?rest_route=\/wp\/v2\/pages\/229\/revisions"}],"predecessor-version":[{"id":241,"href":"https:\/\/www.hypotekaspomoci.cz\/index.php?rest_route=\/wp\/v2\/pages\/229\/revisions\/241"}],"wp:attachment":[{"href":"https:\/\/www.hypotekaspomoci.cz\/index.php?rest_route=%2Fwp%2Fv2%2Fmedia&parent=229"}],"curies":[{"name":"wp","href":"https:\/\/api.w.org\/{rel}","templated":true}]}}