{"id":228,"date":"2024-01-16T20:40:48","date_gmt":"2024-01-16T20:40:48","guid":{"rendered":"https:\/\/www.hypotekaspomoci.cz\/?page_id=228"},"modified":"2026-03-23T10:10:27","modified_gmt":"2026-03-23T10:10:27","slug":"jak-to-funguje","status":"publish","type":"page","link":"https:\/\/www.hypotekaspomoci.cz\/?page_id=228","title":{"rendered":"jak to funguje"},"content":{"rendered":"\n    \n    <section class=\"u-align-center u-clearfix u-palette-4-light-3 u-section-2\" id=\"carousel_6597\">\n      <div class=\"u-clearfix u-sheet u-sheet-1\">\n        <h2 class=\"u-align-center u-text u-text-font u-text-1\">Jak v\u0161e prob\u00edh\u00e1 a s \u010d\u00edm V\u00e1m pomohu?<br>\n          <span style=\"font-size: 1.25rem;\"><\/span>\n          <br>\n        <\/h2>\n        <p class=\"u-align-center u-text u-text-2\"> Vzhledem k odbornosti a dobr\u00fdm referenc\u00ed m\u00e1me obrovsk\u00fd po\u010det \npopt\u00e1vaj\u00edc\u00edch klient\u016f, a proto spolupracuji s t\u00fdmem jako je asistentka \nnebo\nt\u0159eba analytick\u00e9 odd\u011blen\u00ed.&nbsp;<br>D\u00edky tomu V\u00e1m nab\u00eddneme v\u017edy ty nejkvalitn\u011bj\u0161\u00ed slu\u017eby.&nbsp; &nbsp; &nbsp; &nbsp; &nbsp;&nbsp; \n        <\/p>\n      <\/div>\n    <\/section>\n    <section class=\"u-align-center u-clearfix u-white u-section-3\" id=\"sec-65bd\">\n      <div class=\"u-clearfix u-sheet u-valign-middle-lg u-valign-middle-md u-valign-middle-sm u-valign-middle-xl u-sheet-1\">\n        <h2 class=\"u-align-center u-text u-text-font u-text-1\"> Re\u00e1ln\u00e9 p\u0159\u00edpady z praxe <br>\n          <br>\n        <\/h2>\n        <div id=\"carousel-13f7\" data-interval=\"5000\" data-u-ride=\"carousel\" class=\"u-carousel u-expanded-width-xs u-slider u-slider-1\">\n          <ol class=\"u-absolute-hcenter u-carousel-indicators u-carousel-indicators-1\">\n            <li data-u-target=\"#carousel-13f7\" class=\"u-active u-grey-30 u-shape-circle\" data-u-slide-to=\"0\" style=\"width: 10px; height: 10px;\"><\/li>\n            <li data-u-target=\"#carousel-13f7\" class=\"u-grey-30 u-shape-circle\" data-u-slide-to=\"1\" style=\"width: 10px; height: 10px;\"><\/li>\n            <li data-u-target=\"#carousel-13f7\" class=\"u-grey-30 u-shape-circle\" data-u-slide-to=\"2\" style=\"width: 10px; height: 10px;\"><\/li>\n          <\/ol>\n          <div class=\"u-carousel-inner\" role=\"listbox\">\n            <div class=\"u-active u-carousel-item u-container-style u-shape-rectangle u-slide u-white u-carousel-item-1\">\n              <div class=\"u-container-layout u-valign-middle u-container-layout-1\">\n                <p class=\"u-align-center u-large-text u-text u-text-variant u-text-2\">\n                  <span style=\"font-weight: 700;\"> Michala - samo\u017eivitelka<\/span>\n                  <br>\n                  <br>&nbsp;<br>Jako samo\u017eivitelka s 1 d\u00edt\u011btem se to t\u011b\u017eko finan\u010dn\u011b zvl\u00e1d\u00e1. S b\u00fdval\u00fdm p\u0159\u00edtelem jsme si po\u0159\u00eddili p\u0159es \u00fav\u011br ze stavebn\u00edho spo\u0159en\u00ed byt a jeliko\u017e jsme nem\u011bli na\u0161et\u0159en\u00ed pen\u00edze, jako vlastn\u00ed zdroje, museli jsme si vz\u00edt nav\u00edc klasickou p\u016fj\u010dku v bance. Bohu\u017eel jsem na spl\u00e1cen\u00ed i na dom\u00e1cnost z\u016fstala sama. Cht\u011bla jsem p\u016fj\u010dky slou\u010dit, abych toho nem\u011bla m\u011bs\u00ed\u010dn\u011b moc na spl\u00e1cen\u00ed, ale v m\u00e9 bance mi \u0159ekli, \u017ee na to nem\u00e1m p\u0159\u00edjem. S hypot\u00e9kou s pomoc\u00ed mi pomohli st\u00e1vaj\u00edc\u00ed z\u00e1vazky refinancovat do jednoho. Pomohli mi sn\u00ed\u017eit v\u00fddaje a s mal\u00fdm Tom\u00e1\u0161kem m\u00e1me te\u010f mo\u017enost jet i na n\u011bjak\u00fd ten v\u00fdlet.\n                <\/p>\n              <\/div>\n            <\/div>\n            <div class=\"u-align-center u-carousel-item u-container-style u-slide u-carousel-item-2\">\n              <div class=\"u-container-layout u-valign-middle u-container-layout-2\">\n                <p class=\"u-align-center u-large-text u-text u-text-variant u-text-3\">\n                  <span style=\"font-weight: 700;\">Pan Petr - podnikatel&nbsp;<\/span>\n                  <br>\n                  <br>S man\u017eelkou a 3 d\u011btmi Cht\u011bli jsme si po\u0159\u00eddit rodinn\u00fd d\u016fm a p\u0159est\u011bhovat se z bytu do vlastn\u00edho dome\u010dku. V m\u00e9 bance mi \u0159ekli, \u017ee jako podnikatel m\u00e1m n\u00edzk\u00fd z\u00e1klad dan\u011b v m\u00e9m da\u0148ov\u00e9m p\u0159izn\u00e1n\u00ed. M\u00e1m to zkusit za rok, nav\u00fd\u0161it z\u00e1klad dan\u011b a na\u0161et\u0159it v\u00edce pen\u011bz jako akontaci. P\u0159es hypot\u00e9ku s pomoc\u00ed mi poradili, \u017ee jsou banky, kter\u00e9 um\u00ed vypo\u010d\u00edtat bonitu p\u0159es obrat na \u00fa\u010dtu, nebo p\u0159es \u0159\u00e1dek 101 v da\u0148ov\u00e9m p\u0159izn\u00e1n\u00ed, nejen p\u0159es \u0159\u00e1dek 104 jako z\u00e1klad dan\u011b. T\u00edm se mi nav\u00fd\u0161il prostor k vy\u0161\u0161\u00edmu \u00fav\u011bru, kter\u00fd jsem po\u017eadoval a nav\u00edc mi v\u0161echno pomohli vy\u0159\u00eddit. D\u00edky m\u00e9 \u010dasov\u00e9 vyt\u00ed\u017eenosti jsem ocenil jejich p\u0159\u00edstup a jako perli\u010dku mi pomohli st\u00e1vaj\u00edc\u00ed byt vyu\u017e\u00edt jako n\u00e1hradu na\u0161et\u0159en\u00e9 akontace, nemuseli jsme tedy byt prodat a dokonce n\u00e1m sehnali spolehliv\u00e9 n\u00e1jemn\u00edky, kte\u0159\u00ed \u0159\u00e1dn\u011b plat\u00ed n\u00e1jem v\u010das. P\u0159\u00edjmem z pron\u00e1jmu n\u00e1m je\u0161t\u011b nav\u00fd\u0161il v\u00fd\u0161i \u00fav\u011bru.\n                <\/p>\n              <\/div>\n            <\/div>\n            <div class=\"u-carousel-item u-container-style u-slide\">\n              <div class=\"u-container-layout u-valign-middle u-container-layout-3\">\n                <p class=\"u-align-center u-large-text u-text u-text-variant u-text-4\">\n                  <span style=\"font-weight: 700;\"> man\u017eel\u00e9 Rotovi s&nbsp;<\/span>\n                  <span style=\"font-weight: 700;\">dcerou a synem<\/span>\n                  <br>\n                  <br> Na\u0161im snem bylo v\u017edy si postavit rodinn\u00fd d\u016fm s velkou zahranou. Kdy\u017e jsme se v na\u0161\u00ed bance ptali na hypot\u00e9ku, \u0159ekli n\u00e1m, \u017ee budeme muset na\u0161et\u0159it spoustu pen\u011bz, jako vlastn\u00edch zdroj\u016f, abych si v\u016fbec n\u00e1\u0161 vysn\u011bn\u00fd d\u016fm mohli po\u0159\u00eddit. Na\u0161e p\u0159edstava se vzd\u00e1lila n\u011bkam do nezn\u00e1m\u00e9 budoucnosti. Na doporu\u010den\u00ed kamar\u00e1dky Jany jsme p\u0159i\u0161li do kontaktu s hypot\u00e9kou s pomoc\u00ed a do dnes Jan\u011b nesm\u00edrn\u011b d\u011bkujeme. Poradili n\u00e1m toti\u017e, jak vybrat banku, kter\u00e1 se zam\u011b\u0159uje na v\u00fdstavby. Na prvn\u00edch p\u00e1r let n\u00e1m poradili d\u00e1t do z\u00e1stavy byt rodi\u010d\u016f, abychom nemuseli v\u0161echny na\u0161et\u0159en\u00e9 \u00faspory d\u00e1t do stavby. Ale ne\u017e jsme rodinn\u00fd d\u016fm dokon\u010dili, nemovitosti vyrostly na hodnot\u011b a my jsme ji\u017e byt rodi\u010d\u016f nepot\u0159ebovali. Vylou\u010dili jsme jej jako z\u00e1stavu. Hypot\u00e9ka s pomoc\u00ed n\u00e1m pomohla jednat s projektantem, \u0159e\u0161it v\u011bci s odhadcem a pom\u00e1hali n\u00e1m, jak napl\u00e1novat jednotliv\u00e9 tran\u0161e p\u0159i v\u00fdstavb\u011b. Za to jim d\u011bkujeme, proto\u017ee my se te\u010f s rodinou m\u016f\u017eeme t\u011b\u0161it z letn\u00edch grilov\u00e1n\u00ed a koup\u00e1n\u00ed v baz\u00e9nu v na\u0161em vysn\u011bn\u00e9m dom\u011b.\n                <\/p>\n              <\/div>\n            <\/div>\n          <\/div>\n          <a class=\"u-absolute-vcenter u-carousel-control u-carousel-control-prev u-custom-color-3 u-icon-circle u-spacing-10 u-text-custom-color-2 u-carousel-control-1\" href=\"#carousel-13f7\" role=\"button\" data-u-slide=\"prev\">\n            <span aria-hidden=\"true\">\n              <svg viewBox=\"0 0 451.847 451.847\"><path d=\"M97.141,225.92c0-8.095,3.091-16.192,9.259-22.366L300.689,9.27c12.359-12.359,32.397-12.359,44.751,0\nc12.354,12.354,12.354,32.388,0,44.748L173.525,225.92l171.903,171.909c12.354,12.354,12.354,32.391,0,44.744\nc-12.354,12.365-32.386,12.365-44.745,0l-194.29-194.281C100.226,242.115,97.141,234.018,97.141,225.92z\"><\/path><\/svg>\n            <\/span>\n            <span class=\"sr-only\">\n              <svg viewBox=\"0 0 451.847 451.847\"><path d=\"M97.141,225.92c0-8.095,3.091-16.192,9.259-22.366L300.689,9.27c12.359-12.359,32.397-12.359,44.751,0\nc12.354,12.354,12.354,32.388,0,44.748L173.525,225.92l171.903,171.909c12.354,12.354,12.354,32.391,0,44.744\nc-12.354,12.365-32.386,12.365-44.745,0l-194.29-194.281C100.226,242.115,97.141,234.018,97.141,225.92z\"><\/path><\/svg>\n            <\/span>\n          <\/a>\n          <a class=\"u-absolute-vcenter u-carousel-control u-carousel-control-next u-custom-color-3 u-icon-circle u-spacing-10 u-text-custom-color-2 u-carousel-control-2\" href=\"#carousel-13f7\" role=\"button\" data-u-slide=\"next\">\n            <span aria-hidden=\"true\">\n              <svg viewBox=\"0 0 451.846 451.847\"><path d=\"M345.441,248.292L151.154,442.573c-12.359,12.365-32.397,12.365-44.75,0c-12.354-12.354-12.354-32.391,0-44.744\nL278.318,225.92L106.409,54.017c-12.354-12.359-12.354-32.394,0-44.748c12.354-12.359,32.391-12.359,44.75,0l194.287,194.284\nc6.177,6.18,9.262,14.271,9.262,22.366C354.708,234.018,351.617,242.115,345.441,248.292z\"><\/path><\/svg>\n            <\/span>\n            <span class=\"sr-only\">\n              <svg viewBox=\"0 0 451.846 451.847\"><path d=\"M345.441,248.292L151.154,442.573c-12.359,12.365-32.397,12.365-44.75,0c-12.354-12.354-12.354-32.391,0-44.744\nL278.318,225.92L106.409,54.017c-12.354-12.359-12.354-32.394,0-44.748c12.354-12.359,32.391-12.359,44.75,0l194.287,194.284\nc6.177,6.18,9.262,14.271,9.262,22.366C354.708,234.018,351.617,242.115,345.441,248.292z\"><\/path><\/svg>\n            <\/span>\n          <\/a>\n        <\/div>\n      <\/div>\n      <style data-mode=\"XXL\">@media (max-width: 0px) {\n   .u-section-3 {\n    background-image: none;\n  }\n  .u-section-3 .u-sheet-1 {\n    min-height: 579px;\n  }\n  .u-section-3 .u-slider-1 {\n    min-height: 480px;\n    width: 763px;\n    margin-top: 50px;\n    margin-bottom: 50px;\n    margin-left: auto;\n    margin-right: auto;\n  }\n  .u-section-3 .u-carousel-indicators-1 {\n    position: absolute;\n    bottom: 10px;\n    width: auto;\n    height: auto;\n  }\n  .u-section-3 .u-container-layout-2 {\n    padding-top: 30px;\n    padding-bottom: 30px;\n    padding-left: 80px;\n    padding-right: 80px;\n  }\n  .u-block-2176-18 {\n    width: 83px;\n    height: 83px;\n    background-image: url(\"data:image\/svg+xml;base64,PHN2ZyB2ZXJzaW9uPSIxLjEiIGlkPSJtYW4iIHhtbG5zPSJodHRwOi8vd3d3LnczLm9yZy8yMDAwL3N2ZyIgeD0iMHB4IiB5PSIwcHgiIHZpZXdCb3g9IjAgMCAyNTYgMjU2IiBzdHlsZT0id2lkdGg6IDI1NnB4OyBoZWlnaHQ6IDI1NnB4OyI+CjxyZWN0IGZpbGw9IiNDNkQ4RTEiIHdpZHRoPSIyNTYiIGhlaWdodD0iMjU2Ii8+CjxwYXRoIGZpbGw9IiM3Rjk2QTYiIGQ9Ik0xNzIuNiw5My40YzExLjYtNDQuNy0xMS4yLTQ4LjYtMTEuNy00OC4xYy0yMi40LTMxLjMtOTAuMy0xNi44LTc3LjQsNDguMWMtMTMuMy0yLjQtMS44LDMxLjYsMy43LDMyLjEKCWMwLDAsMCwwLDAsMGMwLjIsMCwwLjMsMCwwLjUtMC4xYzE0LjQsNDkuNyw2Mi43LDUwLjIsODAuNywwQzE3Mi4zLDEyNy4zLDE4Ni41LDkzLjMsMTcyLjYsOTMuNHoiLz4KPHBhdGggZmlsbD0iIzdGOTZBNiIgZD0iTTIwNS40LDE3Ny45Yy0yNC02LjEtNDMuNS0xOS44LTQzLjUtMTkuOGwtMjAuNiw2NC44bC04LTIyLjhjMTkuNy0yNy41LTMwLjMtMjcuNS0xMC42LDBsLTgsMjIuOEw5NCwxNTguMQoJYzAsMC0xOS41LDEzLjctNDMuNSwxOS44QzMyLjcsMTgyLjUsMzAsMjU2LDMwLDI1NmgxOTZDMjI2LDI1NiwyMjMuMywxODIuNSwyMDUuNCwxNzcuOXoiLz4KPC9zdmc+Cg==\");\n    background-position: 50% 50%;\n    margin-top: 0;\n    margin-bottom: 0;\n    margin-left: auto;\n    margin-right: auto;\n  }\n  .u-section-3 .u-text-3 {\n    margin-top: 20px;\n    margin-left: 0;\n    margin-right: 0;\n    margin-bottom: 0;\n    font-size: 1.25rem;\n  }\n  .u-block-2176-16 {\n    font-weight: 700;\n    margin-top: 35px;\n    margin-left: auto;\n    margin-right: auto;\n    margin-bottom: 0;\n  }\n  .u-block-2176-17 {\n    font-size: 1rem;\n    font-weight: 400;\n    margin-top: 15px;\n    margin-left: auto;\n    margin-right: auto;\n    margin-bottom: 0;\n  }\n  .u-block-2176-20 {\n    padding-top: 30px;\n    padding-bottom: 30px;\n    padding-left: 80px;\n    padding-right: 80px;\n  }\n  .u-block-2176-21 {\n    width: 83px;\n    height: 83px;\n    background-image: url(\"data:image\/svg+xml;base64,PHN2ZyB2ZXJzaW9uPSIxLjEiIGlkPSJtYW4iIHhtbG5zPSJodHRwOi8vd3d3LnczLm9yZy8yMDAwL3N2ZyIgeD0iMHB4IiB5PSIwcHgiIHZpZXdCb3g9IjAgMCAyNTYgMjU2IiBzdHlsZT0id2lkdGg6IDI1NnB4OyBoZWlnaHQ6IDI1NnB4OyI+CjxyZWN0IGZpbGw9IiNDNkQ4RTEiIHdpZHRoPSIyNTYiIGhlaWdodD0iMjU2Ii8+CjxwYXRoIGZpbGw9IiM3Rjk2QTYiIGQ9Ik0xNzIuNiw5My40YzExLjYtNDQuNy0xMS4yLTQ4LjYtMTEuNy00OC4xYy0yMi40LTMxLjMtOTAuMy0xNi44LTc3LjQsNDguMWMtMTMuMy0yLjQtMS44LDMxLjYsMy43LDMyLjEKCWMwLDAsMCwwLDAsMGMwLjIsMCwwLjMsMCwwLjUtMC4xYzE0LjQsNDkuNyw2Mi43LDUwLjIsODAuNywwQzE3Mi4zLDEyNy4zLDE4Ni41LDkzLjMsMTcyLjYsOTMuNHoiLz4KPHBhdGggZmlsbD0iIzdGOTZBNiIgZD0iTTIwNS40LDE3Ny45Yy0yNC02LjEtNDMuNS0xOS44LTQzLjUtMTkuOGwtMjAuNiw2NC44bC04LTIyLjhjMTkuNy0yNy41LTMwLjMtMjcuNS0xMC42LDBsLTgsMjIuOEw5NCwxNTguMQoJYzAsMC0xOS41LDEzLjctNDMuNSwxOS44QzMyLjcsMTgyLjUsMzAsMjU2LDMwLDI1NmgxOTZDMjI2LDI1NiwyMjMuMywxODIuNSwyMDUuNCwxNzcuOXoiLz4KPC9zdmc+Cg==\");\n    background-position: 50% 50%;\n    margin-top: 0;\n    margin-bottom: 0;\n    margin-left: auto;\n    margin-right: auto;\n  }\n  .u-block-2176-22 {\n    margin-top: 20px;\n    margin-left: 0;\n    margin-right: 0;\n    margin-bottom: 0;\n    font-size: 1.25rem;\n  }\n  .u-block-2176-23 {\n    font-weight: 700;\n    margin-top: 35px;\n    margin-left: auto;\n    margin-right: auto;\n    margin-bottom: 0;\n  }\n  .u-block-2176-24 {\n    font-size: 1rem;\n    font-weight: 400;\n    margin-top: 15px;\n    margin-left: auto;\n    margin-right: auto;\n    margin-bottom: 0;\n  }\n  .u-section-3 .u-carousel-control-1 {\n    width: 43px;\n    height: 43px;\n    background-image: none;\n  }\n  .u-section-3 .u-carousel-control-2 {\n    width: 43px;\n    height: 43px;\n    background-image: none;\n    left: auto;\n    position: absolute;\n    right: 0;\n  }\n}<\/style>\n    <\/section>\n    <section class=\"u-clearfix u-palette-4-light-3 u-section-4\" id=\"carousel_c433\">\n      <div class=\"u-clearfix u-sheet u-sheet-1\">\n        <div class=\"custom-expanded u-list u-list-1\">\n          <div class=\"u-repeater u-repeater-1\">\n            <div class=\"u-container-style u-custom-color-2 u-custom-item u-list-item u-radius-30 u-repeater-item u-shape-round u-list-item-1\">\n              <div class=\"u-container-layout u-similar-container u-container-layout-1\"><span class=\"u-align-center u-custom-item u-file-icon u-icon u-text-palette-4-dark-1 u-icon-1\"><img decoding=\"async\" src=\"https:\/\/www.hypotekaspomoci.cz\/wp-content\/uploads\/2024\/01\/b2e22767.png\" alt=\"\"><\/span>\n                <p class=\"u-align-center u-text u-text-body-color u-text-1\">M\u016f\u017eete m\u011b kontaktovat vypln\u011bn\u00edm n\u00ed\u017ee uveden\u00e9ho formul\u00e1\u0159e nebo tak\u00e9 e-mailem \u010di\ntelefonicky.&nbsp;Zabere V\u00e1m to zhruba jednu minutu.<\/p>\n              <\/div>\n            <\/div>\n            <div class=\"u-container-style u-custom-color-2 u-custom-item u-list-item u-radius-30 u-repeater-item u-shape-round u-list-item-2\">\n              <div class=\"u-container-layout u-similar-container u-container-layout-2\"><span class=\"u-align-center u-custom-item u-file-icon u-icon u-text-palette-4-dark-1 u-icon-2\"><img decoding=\"async\" src=\"https:\/\/www.hypotekaspomoci.cz\/wp-content\/uploads\/2024\/01\/a088968d.png\" alt=\"\"><\/span>\n                <p class=\"u-align-center u-text u-text-body-color u-text-2\"> Domluv\u00edme si hovor, nez\u00e1vazn\u011b si popov\u00edd\u00e1me, zjist\u00edme jak\u00e9 jsou Va\u0161e p\u0159edstavy o bydlen\u00ed a nashrom\u00e1\u017ed\u00edm pot\u0159ebn\u00e9 informace. Sch\u016fzka m\u016f\u017ee prob\u011bhnout online, nebo osobn\u011b.<\/p>\n              <\/div>\n            <\/div>\n            <div class=\"u-container-style u-custom-color-2 u-custom-item u-list-item u-radius-30 u-repeater-item u-shape-round u-list-item-3\">\n              <div class=\"u-container-layout u-similar-container u-container-layout-3\"><span class=\"u-align-center u-custom-item u-file-icon u-icon u-text-palette-4-dark-1 u-icon-3\"><img decoding=\"async\" src=\"https:\/\/www.hypotekaspomoci.cz\/wp-content\/uploads\/2024\/01\/f13d6807.png\" alt=\"\"><\/span>\n                <p class=\"u-align-center u-text u-text-body-color u-text-3\"> P\u0159edstav\u00edm V\u00e1m n\u011bkolik n\u00e1vrh\u016f, mo\u017enost\u00ed a propo\u010dt\u016f skrze cel\u00fd bankovn\u00ed trh. T\u00edm\nV\u00e1m \u0161et\u0159\u00edm \u010das pob\u00edh\u00e1n\u00edm po pobo\u010dk\u00e1ch bank. Z\u00e1rove\u0148 d\u00edky spolupr\u00e1ci s bankami\nvyjedn\u00e1m slevy na sazb\u00e1ch nebo dok\u00e1\u017eeme odstranit poplatky.<\/p>\n              <\/div>\n            <\/div>\n            <div class=\"u-container-style u-custom-color-2 u-custom-item u-list-item u-radius-30 u-repeater-item u-shape-round u-list-item-4\">\n              <div class=\"u-container-layout u-similar-container u-container-layout-4\"><span class=\"u-align-center u-custom-item u-file-icon u-icon u-text-palette-4-dark-1 u-icon-4\"><img decoding=\"async\" src=\"https:\/\/www.hypotekaspomoci.cz\/wp-content\/uploads\/2024\/01\/b12402c0.png\" alt=\"\"><\/span>\n                <p class=\"u-align-center u-text u-text-body-color u-text-4\"> Po v\u00fdb\u011bru nejlep\u0161\u00ed varianty V\u00e1m pom\u016f\u017eu s celou realizac\u00ed hypot\u00e9ky z pohodl\u00ed domova. Zajist\u00edm V\u00e1m hladk\u00fd pr\u016fb\u011bh bez zbyte\u010dn\u00e9ho stresu a starost\u00ed.<\/p>\n              <\/div>\n            <\/div>\n          <\/div>\n        <\/div>\n      <\/div>\n    <\/section>\n    <section class=\"u-align-center u-clearfix u-image u-shading u-section-5\" src=\"\" data-image-width=\"2681\" data-image-height=\"4016\" id=\"sec-d231\" style=\"background-image: linear-gradient(0deg, rgba(255, 255, 255, 0.45), rgba(255, 255, 255, 0.45)), url(&quot;https:\/\/www.hypotekaspomoci.cz\/wp-content\/uploads\/2024\/01\/6d2b437a-5f34-4f20-ba41-4e46e0b375f9-2.jpg&quot;);\">\n      <div class=\"u-align-center u-clearfix u-sheet u-sheet-1\">\n        <h2 class=\"u-text u-text-body-color u-text-default u-text-1\"> St\u00e1hn\u011bte si e-book <\/h2>\n        <p class=\"u-text u-text-body-color u-text-2\"> Najdete zde u\u017eite\u010dn\u00e9 informace ohledn\u011b hypot\u00e9ky a jak se na ni\np\u0159ipravit - hypote\u010dn\u00ed tipy.<\/p>\n        <a href=\"#sec-9e09\" class=\"u-active-white u-border-2 u-border-grey-75 u-btn u-btn-round u-button-style u-custom-color-2 u-dialog-link u-hover-white u-radius-50 u-text-active-black u-text-body-color u-text-hover-black u-btn-1\" data-animation-name=\"\" data-animation-duration=\"0\" data-animation-delay=\"0\" data-animation-direction=\"\">\u017d\u00c1DOST O E-BOOK<\/a>\n      <\/div>\n    <\/section>\n    \n    \n    \n    \n    \n  \n","protected":false},"excerpt":{"rendered":"<p>Jak v\u0161e prob\u00edh\u00e1 a s \u010d\u00edm V\u00e1m pomohu? Vzhledem k odbornosti a dobr\u00fdm referenc\u00ed m\u00e1me obrovsk\u00fd po\u010det popt\u00e1vaj\u00edc\u00edch klient\u016f, a proto spolupracuji s t\u00fdmem jako je asistentka nebo t\u0159eba analytick\u00e9 odd\u011blen\u00ed.&nbsp;D\u00edky tomu V\u00e1m nab\u00eddneme v\u017edy ty nejkvalitn\u011bj\u0161\u00ed slu\u017eby.&nbsp; &nbsp; &nbsp; &nbsp; &nbsp;&nbsp; Re\u00e1ln\u00e9 p\u0159\u00edpady z praxe Michala &#8211; samo\u017eivitelka &nbsp;Jako samo\u017eivitelka s 1 d\u00edt\u011btem se &hellip; <a href=\"https:\/\/www.hypotekaspomoci.cz\/?page_id=228\" class=\"more-link\">Continue reading<span class=\"screen-reader-text\"> &#8222;jak to funguje&#8220;<\/span><\/a><\/p>\n","protected":false},"author":1,"featured_media":0,"parent":0,"menu_order":5,"comment_status":"closed","ping_status":"closed","template":"","meta":{"footnotes":""},"class_list":["post-228","page","type-page","status-publish","hentry"],"_links":{"self":[{"href":"https:\/\/www.hypotekaspomoci.cz\/index.php?rest_route=\/wp\/v2\/pages\/228","targetHints":{"allow":["GET"]}}],"collection":[{"href":"https:\/\/www.hypotekaspomoci.cz\/index.php?rest_route=\/wp\/v2\/pages"}],"about":[{"href":"https:\/\/www.hypotekaspomoci.cz\/index.php?rest_route=\/wp\/v2\/types\/page"}],"author":[{"embeddable":true,"href":"https:\/\/www.hypotekaspomoci.cz\/index.php?rest_route=\/wp\/v2\/users\/1"}],"replies":[{"embeddable":true,"href":"https:\/\/www.hypotekaspomoci.cz\/index.php?rest_route=%2Fwp%2Fv2%2Fcomments&post=228"}],"version-history":[{"count":6,"href":"https:\/\/www.hypotekaspomoci.cz\/index.php?rest_route=\/wp\/v2\/pages\/228\/revisions"}],"predecessor-version":[{"id":276,"href":"https:\/\/www.hypotekaspomoci.cz\/index.php?rest_route=\/wp\/v2\/pages\/228\/revisions\/276"}],"wp:attachment":[{"href":"https:\/\/www.hypotekaspomoci.cz\/index.php?rest_route=%2Fwp%2Fv2%2Fmedia&parent=228"}],"curies":[{"name":"wp","href":"https:\/\/api.w.org\/{rel}","templated":true}]}}