{"id":226,"date":"2024-01-16T20:40:46","date_gmt":"2024-01-16T20:40:46","guid":{"rendered":"https:\/\/www.hypotekaspomoci.cz\/?page_id=226"},"modified":"2024-02-01T09:35:22","modified_gmt":"2024-02-01T09:35:22","slug":"kontakt","status":"publish","type":"page","link":"https:\/\/www.hypotekaspomoci.cz\/?page_id=226","title":{"rendered":"Kontakt"},"content":{"rendered":"\n    \n    <section class=\"u-clearfix u-valign-middle-xs u-section-2\" id=\"carousel_54ef\">\n      <div class=\"u-clearfix u-sheet u-sheet-1\">\n        <div class=\"custom-expanded data-layout-selected u-clearfix u-expanded-width-lg u-gutter-48 u-layout-wrap u-layout-wrap-1\">\n          <div class=\"u-layout\">\n            <div class=\"u-layout-row\">\n              <div class=\"u-container-align-center u-container-style u-layout-cell u-size-30 u-layout-cell-1\">\n                <div class=\"u-container-layout u-container-layout-1\">\n                  <div class=\"u-absolute-hcenter u-expanded u-grey-light-2 u-map\">\n                    <div class=\"embed-responsive\">\n                      <iframe class=\"embed-responsive-item\" src=\"https:\/\/maps.google.com\/maps?output=embed&amp;q=V%C3%BDstavi%C5%A1t%C4%9B%20405%2F1%2C%20647%2000%20Brno-st%C5%99ed-Pis%C3%A1rky&amp;z=10&amp;t=m\" data-map=\"JTdCJTIycG9zaXRpb25UeXBlJTIyJTNBJTIybWFwLWFkZHJlc3MlMjIlMkMlMjJhZGRyZXNzJTIyJTNBJTIyViVDMyVCRHN0YXZpJUM1JUExdCVDNCU5QiUyMDQwNSUyRjElMkMlMjA2NDclMjAwMCUyMEJybm8tc3QlQzUlOTllZC1QaXMlQzMlQTFya3klMjIlMkMlMjJ6b29tJTIyJTNBMTAlMkMlMjJ0eXBlSWQlMjIlM0ElMjJyb2FkJTIyJTJDJTIybGFuZyUyMiUzQW51bGwlMkMlMjJhcGlLZXklMjIlM0FudWxsJTJDJTIybWFya2VycyUyMiUzQSU1QiU1RCUyQyUyMmVtYmVkJTIyJTNBJTIyJTIyJTdE\"><\/iframe>\n                    <\/div>\n                  <\/div>\n                <\/div>\n              <\/div>\n              <div class=\"u-align-center-md u-align-center-sm u-align-center-xs u-align-left-lg u-align-left-xl u-container-style u-layout-cell u-palette-4-light-3 u-radius-50 u-shape-round u-size-30 u-layout-cell-2\">\n                <div class=\"u-container-layout u-valign-top u-container-layout-2\">\n                  <h2 class=\"u-custom-font u-font-montserrat u-text u-text-1\"> Kontakt<\/h2>\n                  <div class=\"u-expanded-width u-list u-list-1\">\n                    <div class=\"u-repeater u-repeater-1\">\n                      <div class=\"u-container-style u-list-item u-repeater-item u-shape-rectangle\">\n                        <div class=\"u-container-layout u-similar-container u-container-layout-3\"><span class=\"u-file-icon u-icon u-text-palette-4-dark-1 u-icon-1\"><img decoding=\"async\" src=\"https:\/\/www.hypotekaspomoci.cz\/wp-content\/uploads\/2024\/01\/db059d2d.png\" alt=\"\"><\/span>\n                          <h4 class=\"u-text u-text-2\">telefon<\/h4>\n                          <p class=\"u-text u-text-3\">\n                            <a href=\"tel:+420 732 677 857\" class=\"u-active-none u-border-active-palette-2-base u-border-hover-palette-2-base u-border-none u-btn u-button-link u-button-style u-hover-none u-none u-text-active-palette-2-base u-text-body-color u-text-hover-palette-2-base u-btn-1\"><span class=\"u-icon\"><\/span>+420 732 677 857 \n                            <\/a>\n                          <\/p>\n                        <\/div>\n                      <\/div>\n                      <div class=\"u-container-style u-list-item u-repeater-item u-shape-rectangle\">\n                        <div class=\"u-container-layout u-similar-container u-container-layout-4\"><span class=\"u-file-icon u-icon u-text-palette-4-dark-1 u-icon-3\"><img decoding=\"async\" src=\"https:\/\/www.hypotekaspomoci.cz\/wp-content\/uploads\/2024\/01\/0aecf076.png\" alt=\"\"><\/span>\n                          <h4 class=\"u-text u-text-4\">Adresa<\/h4>\n                          <p class=\"u-text u-text-5\"> V\u00fdstavi\u0161t\u011b 405\/1, 647 00 Brno-st\u0159ed-Pis\u00e1rky<\/p>\n                        <\/div>\n                      <\/div>\n                      <div class=\"u-container-style u-list-item u-repeater-item u-shape-rectangle\">\n                        <div class=\"u-container-layout u-similar-container u-container-layout-5\"><span class=\"u-file-icon u-icon u-text-palette-4-dark-1 u-icon-4\"><img decoding=\"async\" src=\"https:\/\/www.hypotekaspomoci.cz\/wp-content\/uploads\/2024\/01\/2b760e90.png\" alt=\"\"><\/span>\n                          <h4 class=\"u-text u-text-6\">E-mail<\/h4>\n                          <p class=\"u-text u-text-7\">\n                            <a href=\"mailto:filip.indrych@beplan.cz\" class=\"u-active-none u-border-active-palette-2-base u-border-hover-palette-2-base u-btn u-button-link u-button-style u-hover-none u-none u-text-active-palette-2-base u-text-body-color u-text-hover-palette-2-base u-btn-2\" data-animation-name=\"\" data-animation-duration=\"0\" data-animation-delay=\"0\" data-animation-direction=\"\">filip.indrych@beplan.cz<\/a>\n                          <\/p>\n                        <\/div>\n                      <\/div>\n                    <\/div>\n                  <\/div>\n                <\/div>\n              <\/div>\n            <\/div>\n          <\/div>\n        <\/div>\n      <\/div>\n    <\/section>\n    <section class=\"u-clearfix u-section-3\" id=\"sec-b4de\">\n      <div class=\"u-clearfix u-sheet u-sheet-1\"><\/div>\n    <\/section>\n    \n    \n    \n    \n    \n  \n","protected":false},"excerpt":{"rendered":"<p>Kontakt telefon +420 732 677 857 Adresa V\u00fdstavi\u0161t\u011b 405\/1, 647 00 Brno-st\u0159ed-Pis\u00e1rky E-mail filip.indrych@beplan.cz<\/p>\n","protected":false},"author":1,"featured_media":0,"parent":0,"menu_order":3,"comment_status":"closed","ping_status":"closed","template":"","meta":{"footnotes":""},"class_list":["post-226","page","type-page","status-publish","hentry"],"_links":{"self":[{"href":"https:\/\/www.hypotekaspomoci.cz\/index.php?rest_route=\/wp\/v2\/pages\/226","targetHints":{"allow":["GET"]}}],"collection":[{"href":"https:\/\/www.hypotekaspomoci.cz\/index.php?rest_route=\/wp\/v2\/pages"}],"about":[{"href":"https:\/\/www.hypotekaspomoci.cz\/index.php?rest_route=\/wp\/v2\/types\/page"}],"author":[{"embeddable":true,"href":"https:\/\/www.hypotekaspomoci.cz\/index.php?rest_route=\/wp\/v2\/users\/1"}],"replies":[{"embeddable":true,"href":"https:\/\/www.hypotekaspomoci.cz\/index.php?rest_route=%2Fwp%2Fv2%2Fcomments&post=226"}],"version-history":[{"count":2,"href":"https:\/\/www.hypotekaspomoci.cz\/index.php?rest_route=\/wp\/v2\/pages\/226\/revisions"}],"predecessor-version":[{"id":266,"href":"https:\/\/www.hypotekaspomoci.cz\/index.php?rest_route=\/wp\/v2\/pages\/226\/revisions\/266"}],"wp:attachment":[{"href":"https:\/\/www.hypotekaspomoci.cz\/index.php?rest_route=%2Fwp%2Fv2%2Fmedia&parent=226"}],"curies":[{"name":"wp","href":"https:\/\/api.w.org\/{rel}","templated":true}]}}