{"id":225,"date":"2024-01-16T20:40:45","date_gmt":"2024-01-16T20:40:45","guid":{"rendered":"https:\/\/www.hypotekaspomoci.cz\/?page_id=225"},"modified":"2026-03-17T15:24:18","modified_gmt":"2026-03-17T15:24:18","slug":"hypoteka-s-pomoci","status":"publish","type":"page","link":"https:\/\/www.hypotekaspomoci.cz\/","title":{"rendered":"Hypoteka s pomoci"},"content":{"rendered":"\n    \n    <section class=\"u-clearfix u-gradient u-section-2\" id=\"sec-25ad\">\n      <div class=\"u-clearfix u-sheet u-valign-middle-lg u-valign-middle-md u-valign-middle-sm u-valign-middle-xl u-sheet-1\">\n        <div class=\"custom-expanded data-layout-selected u-clearfix u-expanded-width-md u-expanded-width-sm u-layout-wrap u-layout-wrap-1\">\n          <div class=\"u-layout\">\n            <div class=\"u-layout-row\">\n              <div class=\"u-container-align-center-xs u-container-style u-layout-cell u-size-28-xl u-size-29-lg u-size-60-md u-size-60-sm u-size-60-xs u-layout-cell-1\">\n                <div class=\"u-container-layout u-valign-bottom-sm u-valign-top-md u-container-layout-1\">\n                  <h1 class=\"u-align-center u-text u-text-black u-text-1\"> Filip Indrych, PFP<\/h1>\n                  <h3 class=\"u-align-center u-custom-font u-text u-text-black u-text-font u-text-2\">Jsem specialista na hypot\u00e9ky a rodinn\u00e9 finance<\/h3>\n                  <a href=\"https:\/\/www.hypotekaspomoci.cz\/?page_id=229\" class=\"u-align-center u-border-none u-btn u-btn-round u-button-style u-custom-color-2 u-hover-white u-radius-50 u-btn-1\">spo\u010d\u00edtejte sazby<\/a>\n                <\/div>\n              <\/div>\n              <div class=\"u-container-style u-image u-layout-cell u-size-31-lg u-size-32-xl u-size-60-md u-size-60-sm u-size-60-xs u-image-1\" data-image-width=\"3870\" data-image-height=\"2583\" style=\"background-image: url(&quot;https:\/\/www.hypotekaspomoci.cz\/wp-content\/uploads\/2024\/01\/bezpozadi1-2.png&quot;);\">\n                <div class=\"u-container-layout u-container-layout-2\"><\/div>\n              <\/div>\n            <\/div>\n          <\/div>\n        <\/div>\n      <\/div>\n    <\/section>\n    <section class=\"u-align-center u-clearfix u-palette-4-light-3 u-section-3\" id=\"sec-c2ac\">\n      <div class=\"u-align-left u-clearfix u-sheet u-sheet-1\">\n        <h3 class=\"u-align-center u-text u-text-1\"> Jak V\u00e1m s hypot\u00e9kou pom\u016f\u017eu?<\/h3>\n        <div class=\"u-expanded-width u-list u-list-1\">\n          <div class=\"u-repeater u-repeater-1\">\n            <div class=\"u-container-style u-list-item u-repeater-item\">\n              <div class=\"u-container-layout u-similar-container u-valign-top u-container-layout-1\"><span class=\"u-align-center u-file-icon u-icon u-icon-1\"><img decoding=\"async\" src=\"https:\/\/www.hypotekaspomoci.cz\/wp-content\/uploads\/2024\/01\/1078011-2.png\" alt=\"\"><\/span>\n                <p class=\"u-align-center u-text u-text-2\"> Nez\u00e1vazn\u011b si popov\u00edd\u00e1me a zjist\u00edme jak\u00e9 jsou Va\u0161e p\u0159edstavy o bydlen\u00ed a shrom\u00e1\u017ed\u00edm&nbsp;pot\u0159ebn\u00e9 informace.&nbsp;Klidn\u011b online nebo osobn\u011b<\/p>\n              <\/div>\n            <\/div>\n            <div class=\"u-align-center u-container-style u-list-item u-repeater-item\">\n              <div class=\"u-container-layout u-similar-container u-valign-top u-container-layout-2\"><span class=\"u-align-center u-file-icon u-icon u-icon-2\"><img decoding=\"async\" src=\"https:\/\/www.hypotekaspomoci.cz\/wp-content\/uploads\/2024\/01\/3413233-2.png\" alt=\"\"><\/span>\n                <p class=\"u-align-center u-text u-text-3\"> P\u0159edstav\u00edm V\u00e1m n\u011bkolik n\u00e1vrh\u016f, mo\u017enost\u00ed a propo\u010dt\u016f nap\u0159\u00ed\u010d cel\u00fdm bankovn\u00edm trhem. T\u00edm V\u00e1m <br>\u0161et\u0159\u00edm \u010das pob\u00edh\u00e1n\u00edm po pobo\u010dk\u00e1ch bank. \n                <\/p>\n              <\/div>\n            <\/div>\n            <div class=\"u-container-style u-list-item u-repeater-item u-res-move-started\">\n              <div class=\"u-container-layout u-similar-container u-valign-top u-container-layout-3\"><span class=\"u-align-center u-file-icon u-icon u-icon-3\"><img decoding=\"async\" src=\"https:\/\/www.hypotekaspomoci.cz\/wp-content\/uploads\/2024\/01\/1974058-2.png\" alt=\"\"><\/span>\n                <p class=\"u-align-center u-text u-text-4\"> Realizace hypot\u00e9ky a n\u00e1sledn\u00e1 pr\u016fb\u011b\u017en\u00e1 p\u00e9\u010de. Pom\u016f\u017eu V\u00e1m z\u00edskat hypot\u00e9ku a zajist\u00edm <br>hladk\u00fd pr\u016fb\u011bh od A do Z bez zbyte\u010dn\u00e9ho stresu. \n                <\/p>\n              <\/div>\n            <\/div>\n          <\/div>\n        <\/div>\n      <\/div>\n    <\/section>\n    <section class=\"u-clearfix u-section-4\" id=\"sec-c555\">\n      <div class=\"u-clearfix u-sheet u-valign-middle u-sheet-1\">\n        <div class=\"u-container-style u-custom-color-1 u-expanded-width-md u-expanded-width-sm u-expanded-width-xs u-group u-opacity u-opacity-45 u-radius-50 u-shape-round u-group-1\">\n          <div class=\"u-container-layout u-container-layout-1\">\n            <p class=\"u-align-center-xs u-text u-text-body-color u-text-1\">Nez\u00e1vazn\u00fd propo\u010det v hypote\u010dn\u00ed kalkula\u010dc\u200b\u200be<\/p>\n            <a href=\"https:\/\/www.hypotekaspomoci.cz\/?page_id=229\" class=\"u-align-center-sm u-align-center-xs u-border-none u-btn u-btn-round u-button-style u-custom-color-2 u-hover-white u-radius-50 u-btn-1\" data-animation-name=\"\" data-animation-duration=\"0\" data-animation-delay=\"0\" data-animation-direction=\"\">Vypo\u010d\u00edtat<\/a>\n          <\/div>\n        <\/div>\n      <\/div>\n    <\/section>\n    <section class=\"u-align-center u-clearfix u-image u-shading u-section-5\" src=\"\" data-image-width=\"2681\" data-image-height=\"4016\" id=\"sec-5974\" style=\"background-image: linear-gradient(0deg, rgba(255, 255, 255, 0.45), rgba(255, 255, 255, 0.45)), url(&quot;https:\/\/www.hypotekaspomoci.cz\/wp-content\/uploads\/2024\/01\/6d2b437a-5f34-4f20-ba41-4e46e0b375f9-2.jpg&quot;);\">\n      <div class=\"u-align-center u-clearfix u-sheet u-valign-middle-xs u-sheet-1\">\n        <div class=\"u-expanded-width-lg u-expanded-width-md u-expanded-width-sm u-expanded-width-xs u-list u-list-1\">\n          <div class=\"u-repeater u-repeater-1\">\n            <div class=\"u-align-center u-container-style u-list-item u-radius-50 u-repeater-item u-shape-round u-white u-list-item-1\">\n              <div class=\"u-container-layout u-similar-container u-valign-top u-container-layout-1\">\n                <h1 class=\"u-text u-title u-text-1\" data-animation-name=\"counter\" data-animation-event=\"scroll\" data-animation-duration=\"3000\">475<\/h1>\n                <p class=\"u-text u-text-2\"> spokojen\u00fdch klient\u016f<\/p>\n              <\/div>\n            <\/div>\n            <div class=\"u-align-center u-container-style u-list-item u-radius-50 u-repeater-item u-shape-round u-white u-list-item-2\">\n              <div class=\"u-container-layout u-similar-container u-valign-top u-container-layout-2\">\n                <h1 class=\"u-text u-title u-text-3\" data-animation-name=\"counter\" data-animation-event=\"scroll\" data-animation-duration=\"3000\">8<\/h1>\n                <p class=\"u-text u-text-4\"> let praxe<\/p>\n              <\/div>\n            <\/div>\n            <div class=\"u-align-center u-container-style u-list-item u-radius-50 u-repeater-item u-shape-round u-white u-list-item-3\">\n              <div class=\"u-container-layout u-similar-container u-valign-top u-container-layout-3\">\n                <h1 class=\"u-text u-title u-text-5\" data-animation-name=\"counter\" data-animation-event=\"scroll\" data-animation-duration=\"3000\">968 milion\u016f<\/h1>\n                <p class=\"u-text u-text-6\">objemu v hypot\u00e9k\u00e1ch<\/p>\n              <\/div>\n            <\/div>\n          <\/div>\n        <\/div>\n      <\/div>\n    <\/section>\n    <section class=\"u-clearfix u-gradient u-valign-middle-lg u-valign-middle-md u-valign-middle-sm u-valign-middle-xs u-section-6\" id=\"carousel_1ba6\">\n      <div class=\"data-layout-selected u-align-center u-clearfix u-layout-wrap u-layout-wrap-1\">\n        <div class=\"u-layout\">\n          <div class=\"u-layout-row\">\n            <div class=\"u-align-left u-container-style u-layout-cell u-radius-28 u-shape-round u-size-60 u-white u-layout-cell-1\">\n              <div class=\"u-container-layout u-container-layout-1\">\n                <h2 class=\"u-align-center u-custom-font u-font-montserrat u-text u-text-1\">Kontaktujte m\u011b<\/h2>\n                <div class=\"custom-expanded u-align-center u-form u-form-1\">\n                  <form action=\"https:\/\/forms.nicepagesrv.com\/v2\/form\/process\" class=\"u-clearfix u-form-spacing-13 u-form-vertical u-inner-form\" style=\"padding: 0px;\" source=\"email\" name=\"form\">\n                    <div class=\"u-form-group u-form-name u-label-none\">\n                      <label for=\"name-5a14\" class=\"u-label\" wfd-invisible=\"true\">Jm\u00e9no<\/label>\n                      <input type=\"text\" placeholder=\"Jm\u00e9no a p\u0159\u00edjmen\u00ed\" id=\"name-5a14\" name=\"name\" class=\"u-border-none u-grey-15 u-input u-input-rectangle u-radius-7 u-input-1\" required=\"\">\n                    <\/div>\n                    <div class=\"u-form-email u-form-group u-label-none\">\n                      <label for=\"email-5a14\" class=\"u-label\" wfd-invisible=\"true\">Email<\/label>\n                      <input type=\"email\" placeholder=\"Zadejte email\" id=\"email-5a14\" name=\"email\" class=\"u-border-none u-grey-15 u-input u-input-rectangle u-radius-7 u-input-2\" required=\"\">\n                    <\/div>\n                    <div class=\"u-form-group u-form-phone u-label-none u-form-group-3\">\n                      <label for=\"phone-be88\" class=\"u-label\">Telefon<\/label>\n                      <input type=\"tel\" pattern=\"+?d{0,3}[s(-]?([0-9]{2,3})[s)-]?([s-]?)([0-9]{3})[s-]?([0-9]{2})[s-]?([0-9]{2})\" placeholder=\"Telefon\" id=\"phone-be88\" name=\"phone\" class=\"u-border-none u-grey-15 u-input u-input-rectangle u-radius-7 u-input-3\" required=\"\">\n                    <\/div>\n                    <div class=\"u-form-group u-form-textarea u-label-none u-form-group-4\">\n                      <label for=\"textarea-ab02\" class=\"u-label u-label-4\">Zpr\u00e1va<\/label>\n                      <textarea rows=\"4\" cols=\"50\" id=\"textarea-ab02\" name=\"&lt;textarea style=&quot;resize:none&quot;&gt;Can not be resized&lt;\/textarea&gt;\" class=\"u-border-none u-grey-15 u-input u-input-rectangle u-radius-7 u-input-4\" maxlength=\"1000\" placeholder=\"Va\u0161e zpr\u00e1va\"><\/textarea>\n                    <\/div>\n                    <div class=\"u-form-agree u-form-group u-label-none u-form-group-5\">\n                      <label class=\"u-block-9f36-57 u-field-label\" style=\"\"><\/label>\n                      <input type=\"checkbox\" id=\"agree-08ee\" name=\"agree\" class=\"u-agree-checkbox u-field-input\" required=\"\">\n                      <label for=\"agree-08ee\" class=\"u-agree-label u-field-label\">Souhlas\u00edm s podm\u00ednkami&nbsp;<a class=\"1-base u-border-1 u-border-active-palette-2-base u-border-custom-color-3 u-border-hover-custom-color-2 u-border-no-left u-border-no-right u-border-no-top u-btn u-button-link u-button-style u-file-link u-none u-text-palette- u-text-palette-1-base u-btn-1\" href=\"https:\/\/www.hypotekaspomoci.cz\/wp-content\/uploads\/2024\/01\/Zpracovnosobnchdaj-2.pdf\">ochrany osobn\u00edch \u00fadaj\u016f.<\/a>\n                      <\/label>\n                    <\/div>\n                    <div class=\"u-align-center u-form-group u-form-submit u-label-none\">\n                      <input type=\"submit\" value=\"submit\" class=\"u-form-control-hidden\" wfd-invisible=\"true\">\n                      <a href=\"#\" class=\"u-active-white u-border-2 u-border-grey-75 u-btn u-btn-round u-btn-submit u-button-style u-custom-color-2 u-hover-grey-5 u-radius-50 u-text-active-white u-text-body-color u-text-hover-black u-btn-2\">Odeslat<\/a>\n                    <\/div>\n                    <div class=\"u-form-send-message u-form-send-success\" wfd-invisible=\"true\">Odesl\u00e1no.<\/div>\n                    <div class=\"u-form-send-error u-form-send-message\" wfd-invisible=\"true\">N\u011bco se pokazilo, zkuste to znovu.<\/div>\n                    <input type=\"hidden\" value=\"\" name=\"recaptchaResponse\" wfd-invisible=\"true\">\n                    <input type=\"hidden\" name=\"formServices\" value=\"86e92062-a02d-829d-b541-a3c2b7da9743\">\n                  <\/form>\n                <\/div>\n              <\/div>\n            <\/div>\n          <\/div>\n        <\/div>\n      <\/div>\n    <\/section>\n    \n    \n    \n    \n    \n  \n","protected":false},"excerpt":{"rendered":"<p>Filip Indrych, PFP Jsem specialista na hypot\u00e9ky a rodinn\u00e9 finance spo\u010d\u00edtejte sazby Jak V\u00e1m s hypot\u00e9kou pom\u016f\u017eu? Nez\u00e1vazn\u011b si popov\u00edd\u00e1me a zjist\u00edme jak\u00e9 jsou Va\u0161e p\u0159edstavy o bydlen\u00ed a shrom\u00e1\u017ed\u00edm&nbsp;pot\u0159ebn\u00e9 informace.&nbsp;Klidn\u011b online nebo osobn\u011b P\u0159edstav\u00edm V\u00e1m n\u011bkolik n\u00e1vrh\u016f, mo\u017enost\u00ed a propo\u010dt\u016f nap\u0159\u00ed\u010d cel\u00fdm bankovn\u00edm trhem. T\u00edm V\u00e1m \u0161et\u0159\u00edm \u010das pob\u00edh\u00e1n\u00edm po pobo\u010dk\u00e1ch bank. Realizace hypot\u00e9ky &hellip; <a href=\"https:\/\/www.hypotekaspomoci.cz\/\" class=\"more-link\">Continue reading<span class=\"screen-reader-text\"> &#8222;Hypoteka s pomoci&#8220;<\/span><\/a><\/p>\n","protected":false},"author":1,"featured_media":0,"parent":0,"menu_order":2,"comment_status":"closed","ping_status":"closed","template":"","meta":{"footnotes":""},"class_list":["post-225","page","type-page","status-publish","hentry"],"_links":{"self":[{"href":"https:\/\/www.hypotekaspomoci.cz\/index.php?rest_route=\/wp\/v2\/pages\/225","targetHints":{"allow":["GET"]}}],"collection":[{"href":"https:\/\/www.hypotekaspomoci.cz\/index.php?rest_route=\/wp\/v2\/pages"}],"about":[{"href":"https:\/\/www.hypotekaspomoci.cz\/index.php?rest_route=\/wp\/v2\/types\/page"}],"author":[{"embeddable":true,"href":"https:\/\/www.hypotekaspomoci.cz\/index.php?rest_route=\/wp\/v2\/users\/1"}],"replies":[{"embeddable":true,"href":"https:\/\/www.hypotekaspomoci.cz\/index.php?rest_route=%2Fwp%2Fv2%2Fcomments&post=225"}],"version-history":[{"count":5,"href":"https:\/\/www.hypotekaspomoci.cz\/index.php?rest_route=\/wp\/v2\/pages\/225\/revisions"}],"predecessor-version":[{"id":274,"href":"https:\/\/www.hypotekaspomoci.cz\/index.php?rest_route=\/wp\/v2\/pages\/225\/revisions\/274"}],"wp:attachment":[{"href":"https:\/\/www.hypotekaspomoci.cz\/index.php?rest_route=%2Fwp%2Fv2%2Fmedia&parent=225"}],"curies":[{"name":"wp","href":"https:\/\/api.w.org\/{rel}","templated":true}]}}